{"id":695,"date":"2023-12-09T16:44:46","date_gmt":"2023-12-09T16:44:46","guid":{"rendered":"https:\/\/erler.muwit.net\/?page_id=695"},"modified":"2024-01-26T12:43:15","modified_gmt":"2024-01-26T12:43:15","slug":"colophon","status":"publish","type":"page","link":"https:\/\/www.erler.it\/it\/colophon\/","title":{"rendered":"Colophon"},"content":{"rendered":"\t\t<div data-elementor-type=\"wp-page\" data-elementor-id=\"695\" class=\"elementor elementor-695 elementor-18\" data-elementor-post-type=\"page\">\n\t\t\t\t<div class=\"elementor-element elementor-element-20f06a70 e-con-full e-flex e-con e-parent\" data-id=\"20f06a70\" data-element_type=\"container\" data-settings=\"{&quot;content_width&quot;:&quot;full&quot;}\" data-core-v316-plus=\"true\">\n\t\t\t\t<div class=\"elementor-element elementor-element-390cda0b elementor-pagination-position-inside swiper-container-horizontal elementor-skin-carousel elementor-arrows-yes elementor-pagination-type-bullets elementor-widget elementor-widget-media-carousel\" data-id=\"390cda0b\" data-element_type=\"widget\" data-settings=\"{&quot;slides_per_view&quot;:&quot;1&quot;,&quot;slides_per_view_widescreen&quot;:&quot;1&quot;,&quot;slides_per_view_laptop&quot;:&quot;1&quot;,&quot;slides_per_view_tablet_extra&quot;:&quot;1&quot;,&quot;slides_per_view_tablet&quot;:&quot;1&quot;,&quot;slides_per_view_mobile_extra&quot;:&quot;1&quot;,&quot;slides_per_view_mobile&quot;:&quot;1&quot;,&quot;skin&quot;:&quot;carousel&quot;,&quot;effect&quot;:&quot;slide&quot;,&quot;show_arrows&quot;:&quot;yes&quot;,&quot;pagination&quot;:&quot;bullets&quot;,&quot;speed&quot;:500,&quot;autoplay&quot;:&quot;yes&quot;,&quot;autoplay_speed&quot;:5000,&quot;loop&quot;:&quot;yes&quot;,&quot;pause_on_hover&quot;:&quot;yes&quot;,&quot;pause_on_interaction&quot;:&quot;yes&quot;,&quot;space_between&quot;:{&quot;unit&quot;:&quot;px&quot;,&quot;size&quot;:10,&quot;sizes&quot;:[]},&quot;space_between_widescreen&quot;:{&quot;unit&quot;:&quot;px&quot;,&quot;size&quot;:10,&quot;sizes&quot;:[]},&quot;space_between_laptop&quot;:{&quot;unit&quot;:&quot;px&quot;,&quot;size&quot;:10,&quot;sizes&quot;:[]},&quot;space_between_tablet_extra&quot;:{&quot;unit&quot;:&quot;px&quot;,&quot;size&quot;:10,&quot;sizes&quot;:[]},&quot;space_between_tablet&quot;:{&quot;unit&quot;:&quot;px&quot;,&quot;size&quot;:10,&quot;sizes&quot;:[]},&quot;space_between_mobile_extra&quot;:{&quot;unit&quot;:&quot;px&quot;,&quot;size&quot;:10,&quot;sizes&quot;:[]},&quot;space_between_mobile&quot;:{&quot;unit&quot;:&quot;px&quot;,&quot;size&quot;:10,&quot;sizes&quot;:[]}}\" data-widget_type=\"media-carousel.default\">\n\t\t\t\t<div class=\"elementor-widget-container\">\n\t\t\t<link rel=\"stylesheet\" href=\"https:\/\/www.erler.it\/wp-content\/plugins\/elementor-pro\/assets\/css\/widget-carousel.min.css\">\t\t<div class=\"elementor-swiper\">\n\t\t\t<div class=\"elementor-main-swiper swiper\">\n\t\t\t\t<div class=\"swiper-wrapper\">\n\t\t\t\t\t\t\t\t\t\t\t<div class=\"swiper-slide\">\n\t\t\t\t\t\t\t\t\t<div class=\"elementor-carousel-image\" role=\"img\" aria-label=\"bruce-mars-wBuPCQiweuA-unsplash\" style=\"background-image: url(&#039;https:\/\/www.erler.it\/wp-content\/uploads\/2023\/12\/bruce-mars-wBuPCQiweuA-unsplash.jpg&#039;)\">\n\n\t\t\t\n\t\t\t\t\t<\/div>\n\t\t\t\t\t\t\t\t<\/div>\n\t\t\t\t\t\t\t\t\t<\/div>\n\t\t\t\t\t\t\t<\/div>\n\t\t<\/div>\n\t\t\t\t<\/div>\n\t\t\t\t<\/div>\n\t\t\t\t<\/div>\n\t\t<div class=\"elementor-element elementor-element-4ef884d5 e-con-full e-flex e-con e-parent\" data-id=\"4ef884d5\" data-element_type=\"container\" data-settings=\"{&quot;content_width&quot;:&quot;full&quot;}\" data-core-v316-plus=\"true\">\n\t\t\t\t<div class=\"elementor-element elementor-element-1a36ea3f animated-slow elementor-invisible elementor-widget elementor-widget-heading\" data-id=\"1a36ea3f\" data-element_type=\"widget\" data-settings=\"{&quot;_animation&quot;:&quot;fadeIn&quot;}\" data-widget_type=\"heading.default\">\n\t\t\t\t<div class=\"elementor-widget-container\">\n\t\t\t<style>\/*! elementor - v3.19.0 - 05-02-2024 *\/\n.elementor-heading-title{padding:0;margin:0;line-height:1}.elementor-widget-heading .elementor-heading-title[class*=elementor-size-]>a{color:inherit;font-size:inherit;line-height:inherit}.elementor-widget-heading .elementor-heading-title.elementor-size-small{font-size:15px}.elementor-widget-heading .elementor-heading-title.elementor-size-medium{font-size:19px}.elementor-widget-heading .elementor-heading-title.elementor-size-large{font-size:29px}.elementor-widget-heading .elementor-heading-title.elementor-size-xl{font-size:39px}.elementor-widget-heading .elementor-heading-title.elementor-size-xxl{font-size:59px}<\/style><h1 class=\"elementor-heading-title elementor-size-default\">Colophon<\/h1>\t\t<\/div>\n\t\t\t\t<\/div>\n\t\t\t\t<div class=\"elementor-element elementor-element-3998d526 animated-slow greylink elementor-invisible elementor-widget elementor-widget-text-editor\" data-id=\"3998d526\" data-element_type=\"widget\" data-settings=\"{&quot;_animation&quot;:&quot;fadeIn&quot;}\" data-widget_type=\"text-editor.default\">\n\t\t\t\t<div class=\"elementor-widget-container\">\n\t\t\t<style>\/*! elementor - v3.19.0 - 05-02-2024 *\/\n.elementor-widget-text-editor.elementor-drop-cap-view-stacked .elementor-drop-cap{background-color:#69727d;color:#fff}.elementor-widget-text-editor.elementor-drop-cap-view-framed .elementor-drop-cap{color:#69727d;border:3px solid;background-color:transparent}.elementor-widget-text-editor:not(.elementor-drop-cap-view-default) .elementor-drop-cap{margin-top:8px}.elementor-widget-text-editor:not(.elementor-drop-cap-view-default) .elementor-drop-cap-letter{width:1em;height:1em}.elementor-widget-text-editor .elementor-drop-cap{float:left;text-align:center;line-height:1;font-size:50px}.elementor-widget-text-editor .elementor-drop-cap-letter{display:inline-block}<\/style>\t\t\t\t<p><strong>Betten Erler des Thomas Erler &amp; CO.-K.G.<\/strong><\/p><p>Via Torre Bianca 2<br \/>I-39042 Bressanone<br \/>Tel. <a href=\"call:390472836217\" rel=\"\">+39 0472 836 217<\/a><a href=\"mailto:info@erler.it\"><br \/>info@erler.it<\/a><\/p><p><a class=\"ms-outlook-linkify\" href=\"mailto:bettenerler@pec.it\">bettenerler@pec.it<\/a><\/p><p>Codice Destinatario: P62QHVQ<\/p><p><a href=\"http:\/\/www.erler.it\" rel=\"\">www.erler.it<\/a><\/p><p>P.IVA IT01187400211<br \/>Cod.Fisc. 01187400211<\/p><p>Camera di commercio: Bolzano<br \/>Numero iscrizione camera di commercio: 01187400211<br \/>Numero REA: BZ &#8211; 105699<\/p><p><strong>Copyright per le immagini e grafiche utilizzate:<\/strong><\/p><p>Thomas Erler<\/p><p><strong>Risoluzione delle controversie<\/strong><\/p><p>Informazioni obbligatorie ai sensi del Regolamento UE n. 524\/2013 del Parlamento e Consiglio europeo. Piattaforma per la risoluzione online delle controversie (ODR) della Commissione europea: <a href=\"https:\/\/ec.europa.eu\/consumers\/odr\/main\/?event=main.trader.register\">https:\/\/ec.europa.eu\/consumers\/odr\/main\/?event=main.trader.register<\/a><\/p><p><strong>Concetto e realizzazione<\/strong><\/p><p>muwit d. sandra stablum<br \/>Citt\u00e1 Alta 60<br \/>39043 Chiusa<\/p><p>Tel. +39 347 1330206<br \/>Part. IVA 02730810211<br \/>Cod. fisc. STB SDR 88 A44 B160 S<\/p><p><a href=\"mailto:info@muwit.it\">info@muwit.it<\/a><br \/><a href=\"http:\/\/www.muwit.it\/\">www.muwit.it<\/a><\/p><p><strong>Responsabile per il contenuto:<\/strong><\/p><p>Thomas Erler<\/p><p><strong>Dichiarazione liberatoria:<\/strong><\/p><p><strong>Responsabilit\u00e0 per i contenuti<\/strong><\/p><p>I contenuti delle nostre pagine sono stati redatti, elaborati e controllati scrupolosamente. Tuttavia, non ci assumiamo nessuna responsabilit\u00e0 per la correttezza, qualit\u00e0, completezza e attualit\u00e0 dei contenuti, poich\u00e9 non \u00e8 da escludere che siano cambiati nel tempo. Come prestatori di servizi siamo responsabili per i contenuti di queste pagine in base alla normativa vigente. Nella nostra qualit\u00e0 di prestatori di servizi non siamo per\u00f2 obbligati a controllare l\u2019esattezza di informazioni ricevute o salvate da terzi, o a controllare se sussistano irregolarit\u00e0 che indichino un\u2019attivit\u00e0 illegale. L\u2019obbligo di rimuovere o bloccare l\u2019utilizzo di informazioni secondo la normativa vigente rimane valido. L\u2019assunzione di tale responsabilit\u00e0 \u00e8 tuttavia possibile solamente dopo il momento dell\u2019effettivo riconoscimento da parte nostra di una concreta violazione di diritto. Alla presa d\u2019atto di tali violazioni di legge provvederemo immediatamente alla rimozione dei contenuti in questione.<\/p><p>Si escludono di principio le rivendicazioni di responsabilit\u00e0 di qualsiasi tipo causate dall\u2019utilizzo di informazioni messe a disposizione, oppure da informazioni errate e\/o incomplete.<\/p><p><strong>Responsabilit\u00e0 per i link<\/strong><\/p><p>La nostra offerta contiene dei collegamenti ipertestuali con siti web esterni di terzi, sui cui contenuti non possiamo influire. Per questo motivo non forniamo nessuna garanzia sui contenuti dei siti web linkati, indipendentemente dal tipo e dalla natura. Ne \u00e8 responsabile solamente il relativo proprietario o gestore del sito. Un controllo permanente dei contenuti dei siti linkati al presente non \u00e8 fattibile senza concreti punti di riferimento. All\u2019avvenuta conoscenza d\u2019infrazioni contro la legge causate dai siti web linkati, i link in questione saranno subito rimossi.<\/p><p><strong>Copyright<\/strong><\/p><p>Tutti i contenuti e le opere creati dal web designer e dai gestori del sito sono protetti da copyright. La riproduzione, l\u2019alterazione, la distribuzione e qualsiasi forma di utilizzo, soprattutto per scopi commerciali, al di fuori dei limiti del diritto d\u2019autore, sono severamente vietate e ammesse esclusivamente previa autorizzazione scritta del relativo autore o creatore. Nel caso i contenuti di questa pagina non siano stati creati dal gestore, sono da rispettare i diritti di copyright di terzi. I contenuti redatti da terzi sono contrassegnati come tali. In caso doveste notare una violazione del copyright, vi preghiamo gentilmente di farci pervenire un\u2019apposita segnalazione. All\u2019atto di presa di conoscenza di tali violazioni di legge, i contenuti in questione saranno naturalmente rimossi subito, senza per\u00f2 assumerne nessuna responsabilit\u00e0.<\/p>\t\t\t\t\t\t<\/div>\n\t\t\t\t<\/div>\n\t\t\t\t<\/div>\n\t\t\t\t<\/div>\n\t\t","protected":false},"excerpt":{"rendered":"<p>Colophon Betten Erler des Thomas Erler &amp; CO.-K.G. Via Torre Bianca 2I-39042 BressanoneTel. +39 0472 836 217info@erler.it bettenerler@pec.it Codice Destinatario: P62QHVQ www.erler.it P.IVA IT01187400211Cod.Fisc. 01187400211 Camera di commercio: BolzanoNumero iscrizione camera di commercio: 01187400211Numero REA: BZ &#8211; 105699 Copyright per le immagini e grafiche utilizzate: Thomas Erler Risoluzione delle controversie Informazioni obbligatorie ai sensi del [&hellip;]<\/p>\n","protected":false},"author":1,"featured_media":0,"parent":0,"menu_order":0,"comment_status":"closed","ping_status":"closed","template":"","meta":{"footnotes":""},"acf":[],"yoast_head":"<!-- This site is optimized with the Yoast SEO plugin v22.0 - https:\/\/yoast.com\/wordpress\/plugins\/seo\/ -->\n<title>Colophon - Erler Betten<\/title>\n<meta name=\"description\" content=\"Per saperne di pi\u00f9 sulle nostre informazioni e responsabilit\u00e0 legali. La nostra pagina di imprinting fornisce una panoramica delle informazioni e dei dettagli di contatto richiesti dalla legge, in conformit\u00e0 alle linee guida applicabili.\" \/>\n<meta name=\"robots\" content=\"index, follow, max-snippet:-1, max-image-preview:large, max-video-preview:-1\" \/>\n<link rel=\"canonical\" href=\"https:\/\/www.erler.it\/it\/colophon\/\" \/>\n<meta property=\"og:locale\" content=\"it_IT\" \/>\n<meta property=\"og:type\" content=\"article\" \/>\n<meta property=\"og:title\" content=\"Colophon - Erler Betten\" \/>\n<meta property=\"og:description\" content=\"Per saperne di pi\u00f9 sulle nostre informazioni e responsabilit\u00e0 legali. La nostra pagina di imprinting fornisce una panoramica delle informazioni e dei dettagli di contatto richiesti dalla legge, in conformit\u00e0 alle linee guida applicabili.\" \/>\n<meta property=\"og:url\" content=\"https:\/\/www.erler.it\/it\/colophon\/\" \/>\n<meta property=\"og:site_name\" content=\"Erler Betten\" \/>\n<meta property=\"article:modified_time\" content=\"2024-01-26T12:43:15+00:00\" \/>\n<meta name=\"twitter:card\" content=\"summary_large_image\" \/>\n<meta name=\"twitter:label1\" content=\"Tempo di lettura stimato\" \/>\n\t<meta name=\"twitter:data1\" content=\"3 minuti\" \/>\n<script type=\"application\/ld+json\" class=\"yoast-schema-graph\">{\"@context\":\"https:\/\/schema.org\",\"@graph\":[{\"@type\":\"WebPage\",\"@id\":\"https:\/\/www.erler.it\/it\/colophon\/\",\"url\":\"https:\/\/www.erler.it\/it\/colophon\/\",\"name\":\"Colophon - Erler Betten\",\"isPartOf\":{\"@id\":\"https:\/\/www.erler.it\/it\/#website\"},\"datePublished\":\"2023-12-09T16:44:46+00:00\",\"dateModified\":\"2024-01-26T12:43:15+00:00\",\"description\":\"Per saperne di pi\u00f9 sulle nostre informazioni e responsabilit\u00e0 legali. La nostra pagina di imprinting fornisce una panoramica delle informazioni e dei dettagli di contatto richiesti dalla legge, in conformit\u00e0 alle linee guida applicabili.\",\"breadcrumb\":{\"@id\":\"https:\/\/www.erler.it\/it\/colophon\/#breadcrumb\"},\"inLanguage\":\"it-IT\",\"potentialAction\":[{\"@type\":\"ReadAction\",\"target\":[\"https:\/\/www.erler.it\/it\/colophon\/\"]}]},{\"@type\":\"BreadcrumbList\",\"@id\":\"https:\/\/www.erler.it\/it\/colophon\/#breadcrumb\",\"itemListElement\":[{\"@type\":\"ListItem\",\"position\":1,\"name\":\"Startseite\",\"item\":\"https:\/\/www.erler.it\/it\/\"},{\"@type\":\"ListItem\",\"position\":2,\"name\":\"Colophon\"}]},{\"@type\":\"WebSite\",\"@id\":\"https:\/\/www.erler.it\/it\/#website\",\"url\":\"https:\/\/www.erler.it\/it\/\",\"name\":\"Erler Betten\",\"description\":\"\",\"publisher\":{\"@id\":\"https:\/\/www.erler.it\/it\/#organization\"},\"potentialAction\":[{\"@type\":\"SearchAction\",\"target\":{\"@type\":\"EntryPoint\",\"urlTemplate\":\"https:\/\/www.erler.it\/it\/?s={search_term_string}\"},\"query-input\":\"required name=search_term_string\"}],\"inLanguage\":\"it-IT\"},{\"@type\":\"Organization\",\"@id\":\"https:\/\/www.erler.it\/it\/#organization\",\"name\":\"Erler Betten\",\"url\":\"https:\/\/www.erler.it\/it\/\",\"logo\":{\"@type\":\"ImageObject\",\"inLanguage\":\"it-IT\",\"@id\":\"https:\/\/www.erler.it\/it\/#\/schema\/logo\/image\/\",\"url\":\"https:\/\/www.erler.it\/wp-content\/uploads\/2023\/12\/Gruppe-24.png\",\"contentUrl\":\"https:\/\/www.erler.it\/wp-content\/uploads\/2023\/12\/Gruppe-24.png\",\"width\":442,\"height\":257,\"caption\":\"Erler Betten\"},\"image\":{\"@id\":\"https:\/\/www.erler.it\/it\/#\/schema\/logo\/image\/\"}}]}<\/script>\n<!-- \/ Yoast SEO plugin. -->","yoast_head_json":{"title":"Colophon - Erler Betten","description":"Per saperne di pi\u00f9 sulle nostre informazioni e responsabilit\u00e0 legali. La nostra pagina di imprinting fornisce una panoramica delle informazioni e dei dettagli di contatto richiesti dalla legge, in conformit\u00e0 alle linee guida applicabili.","robots":{"index":"index","follow":"follow","max-snippet":"max-snippet:-1","max-image-preview":"max-image-preview:large","max-video-preview":"max-video-preview:-1"},"canonical":"https:\/\/www.erler.it\/it\/colophon\/","og_locale":"it_IT","og_type":"article","og_title":"Colophon - Erler Betten","og_description":"Per saperne di pi\u00f9 sulle nostre informazioni e responsabilit\u00e0 legali. La nostra pagina di imprinting fornisce una panoramica delle informazioni e dei dettagli di contatto richiesti dalla legge, in conformit\u00e0 alle linee guida applicabili.","og_url":"https:\/\/www.erler.it\/it\/colophon\/","og_site_name":"Erler Betten","article_modified_time":"2024-01-26T12:43:15+00:00","twitter_card":"summary_large_image","twitter_misc":{"Tempo di lettura stimato":"3 minuti"},"schema":{"@context":"https:\/\/schema.org","@graph":[{"@type":"WebPage","@id":"https:\/\/www.erler.it\/it\/colophon\/","url":"https:\/\/www.erler.it\/it\/colophon\/","name":"Colophon - Erler Betten","isPartOf":{"@id":"https:\/\/www.erler.it\/it\/#website"},"datePublished":"2023-12-09T16:44:46+00:00","dateModified":"2024-01-26T12:43:15+00:00","description":"Per saperne di pi\u00f9 sulle nostre informazioni e responsabilit\u00e0 legali. La nostra pagina di imprinting fornisce una panoramica delle informazioni e dei dettagli di contatto richiesti dalla legge, in conformit\u00e0 alle linee guida applicabili.","breadcrumb":{"@id":"https:\/\/www.erler.it\/it\/colophon\/#breadcrumb"},"inLanguage":"it-IT","potentialAction":[{"@type":"ReadAction","target":["https:\/\/www.erler.it\/it\/colophon\/"]}]},{"@type":"BreadcrumbList","@id":"https:\/\/www.erler.it\/it\/colophon\/#breadcrumb","itemListElement":[{"@type":"ListItem","position":1,"name":"Startseite","item":"https:\/\/www.erler.it\/it\/"},{"@type":"ListItem","position":2,"name":"Colophon"}]},{"@type":"WebSite","@id":"https:\/\/www.erler.it\/it\/#website","url":"https:\/\/www.erler.it\/it\/","name":"Erler Betten","description":"","publisher":{"@id":"https:\/\/www.erler.it\/it\/#organization"},"potentialAction":[{"@type":"SearchAction","target":{"@type":"EntryPoint","urlTemplate":"https:\/\/www.erler.it\/it\/?s={search_term_string}"},"query-input":"required name=search_term_string"}],"inLanguage":"it-IT"},{"@type":"Organization","@id":"https:\/\/www.erler.it\/it\/#organization","name":"Erler Betten","url":"https:\/\/www.erler.it\/it\/","logo":{"@type":"ImageObject","inLanguage":"it-IT","@id":"https:\/\/www.erler.it\/it\/#\/schema\/logo\/image\/","url":"https:\/\/www.erler.it\/wp-content\/uploads\/2023\/12\/Gruppe-24.png","contentUrl":"https:\/\/www.erler.it\/wp-content\/uploads\/2023\/12\/Gruppe-24.png","width":442,"height":257,"caption":"Erler Betten"},"image":{"@id":"https:\/\/www.erler.it\/it\/#\/schema\/logo\/image\/"}}]}},"_links":{"self":[{"href":"https:\/\/www.erler.it\/it\/wp-json\/wp\/v2\/pages\/695"}],"collection":[{"href":"https:\/\/www.erler.it\/it\/wp-json\/wp\/v2\/pages"}],"about":[{"href":"https:\/\/www.erler.it\/it\/wp-json\/wp\/v2\/types\/page"}],"author":[{"embeddable":true,"href":"https:\/\/www.erler.it\/it\/wp-json\/wp\/v2\/users\/1"}],"replies":[{"embeddable":true,"href":"https:\/\/www.erler.it\/it\/wp-json\/wp\/v2\/comments?post=695"}],"version-history":[{"count":7,"href":"https:\/\/www.erler.it\/it\/wp-json\/wp\/v2\/pages\/695\/revisions"}],"predecessor-version":[{"id":702,"href":"https:\/\/www.erler.it\/it\/wp-json\/wp\/v2\/pages\/695\/revisions\/702"}],"wp:attachment":[{"href":"https:\/\/www.erler.it\/it\/wp-json\/wp\/v2\/media?parent=695"}],"curies":[{"name":"wp","href":"https:\/\/api.w.org\/{rel}","templated":true}]}}